{"id":171,"date":"2025-06-30T06:24:23","date_gmt":"2025-06-30T06:24:23","guid":{"rendered":"https:\/\/www.rfmlib.hu\/?page_id=171"},"modified":"2025-08-15T07:27:25","modified_gmt":"2025-08-15T07:27:25","slug":"kapcsolat","status":"publish","type":"page","link":"https:\/\/www.rfmlib.hu\/de\/kapcsolat\/","title":{"rendered":"<p>Kontakt<\/p>"},"content":{"rendered":"","protected":false},"excerpt":{"rendered":"","protected":false},"author":1,"featured_media":0,"parent":0,"menu_order":0,"comment_status":"closed","ping_status":"closed","template":"","meta":{"_acf_changed":false,"slim_seo":{"description":"A II. R\u00e1k\u00f3czi Ferenc K\u00f6nyvt\u00e1r el\u00e9rhet\u0151s\u00e9gei. Kapcsolat: 3530 Miskolc, G\u00f6rgey Art\u00far u. 11. rakoczi@rfmlib.hu, kolcsonzes@rfmlib.hu 46\/503-120","facebook_image":"https:\/\/www.rfmlib.hu\/wp-content\/uploads\/2025\/07\/egyszer-volt-hol-nem-volt-a-mesetarisznyaban-1.jpg","twitter_image":"https:\/\/www.rfmlib.hu\/wp-content\/uploads\/2025\/07\/egyszer-volt-hol-nem-volt-a-mesetarisznyaban-1.jpg","title":"Kapcsolat - II. R\u00e1k\u00f3czi Ferenc K\u00f6nyvt\u00e1r"},"footnotes":""},"oldal-template":[],"class_list":["post-171","page","type-page","status-publish","hentry"],"acf":[],"meta_box":[],"_links":{"self":[{"href":"https:\/\/www.rfmlib.hu\/de\/wp-json\/wp\/v2\/pages\/171","targetHints":{"allow":["GET"]}}],"collection":[{"href":"https:\/\/www.rfmlib.hu\/de\/wp-json\/wp\/v2\/pages"}],"about":[{"href":"https:\/\/www.rfmlib.hu\/de\/wp-json\/wp\/v2\/types\/page"}],"author":[{"embeddable":true,"href":"https:\/\/www.rfmlib.hu\/de\/wp-json\/wp\/v2\/users\/1"}],"replies":[{"embeddable":true,"href":"https:\/\/www.rfmlib.hu\/de\/wp-json\/wp\/v2\/comments?post=171"}],"version-history":[{"count":0,"href":"https:\/\/www.rfmlib.hu\/de\/wp-json\/wp\/v2\/pages\/171\/revisions"}],"wp:attachment":[{"href":"https:\/\/www.rfmlib.hu\/de\/wp-json\/wp\/v2\/media?parent=171"}],"wp:term":[{"taxonomy":"oldal-template","embeddable":true,"href":"https:\/\/www.rfmlib.hu\/de\/wp-json\/wp\/v2\/oldal-template?post=171"}],"curies":[{"name":"wp","href":"https:\/\/api.w.org\/{rel}","templated":true}]}}