{"id":2952,"date":"2026-02-16T11:59:05","date_gmt":"2026-02-16T10:59:05","guid":{"rendered":"https:\/\/www.rfmlib.hu\/?page_id=2952"},"modified":"2026-02-16T11:59:07","modified_gmt":"2026-02-16T10:59:07","slug":"visegradi-alap-22430043","status":"publish","type":"page","link":"https:\/\/www.rfmlib.hu\/de\/visegradi-alap-22430043\/","title":{"rendered":"<p>Der Visegrad-Fonds? 22430043<\/p>"},"content":{"rendered":"<p><strong>Projekttitel:<\/strong> Inklusion? Barrierefreiheit? Dienstleistungen: Erfahrungsaustausch zwischen Bibliotheken in den V4-L\u00e4ndern<p><strong>Gesponsert von:<\/strong> des Visegrad Fonds<\/p><p><strong>Beg\u00fcnstigter:<\/strong> Staatliche Wissenschaftsbibliothek von Bansk\u00e1 Bystrica<\/p><p><strong>Projekt-Identifikationsnummer:<\/strong> 22430043<\/p><p><strong>Zuschuss:<\/strong> 17.000 EUR<\/p><p><strong>Futamid:<\/strong> 2025<\/p><p><strong>Zusammenfassung<\/strong><\/p><p>Das Projekt konzentriert sich auf den Erfahrungsaustausch zwischen der V4 im Bereich der Aktivit\u00e4ten, die f\u00fcr verschiedene marginalisierte Nutzer und Gruppen von Bibliotheken und kulturellen Einrichtungen organisiert werden.<\/p><p>Das Seminar im Oktober 2025 wird sich auf Schl\u00fcsselthemen wie Inklusion, Barrierefreiheit, Senioren, Besucher mit Behinderungen, spezielle inklusive Programme und Bildung, Projektmanagement, Migranten und andere informative Themen konzentrieren. Neben Bibliothekaren teilen Ged\u00e4chtniserhaltungs- und -entwicklungsp\u00e4dagogen, Soziologen, Therapiep\u00e4dagogen, Psychologen, Projektmanager und andere Experten ihre Erfahrungen und ihr Wissen.<\/p><p><strong>Pressemitteilung:<\/strong> <a href=\"https:\/\/www.rfmlib.hu\/sites\/default\/files\/v4_project_7_10_2025_sajtokozlemeny_EN.pdf\" target=\"_blank\" rel=\"noopener\" title=\"\">Englisch<\/a> und <a href=\"https:\/\/www.rfmlib.hu\/sites\/default\/files\/v4_project_7_10_2025_sajtokozlemeny_HU.pdf\" target=\"_blank\" rel=\"noopener\" title=\"\">Ungarisch<\/a> Sprache<\/p><\/p>","protected":false},"excerpt":{"rendered":"<p>Projekttitel: Inklusion? Barrierefreiheit? Dienstleistungen: Erfahrungsaustausch zwischen Bibliotheken in V4-L\u00e4ndern Sponsor: Empf\u00e4nger des Visegrad-Fonds: Staatliche Wissenschaftsbibliothek Bansk\u00e1 Bystrica Kennnummer des Projekts: 22430043 Zuschuss: 17.000 EUR [...]<\/p>","protected":false},"author":3,"featured_media":0,"parent":0,"menu_order":0,"comment_status":"closed","ping_status":"closed","template":"","meta":{"_acf_changed":false,"slim_seo":{"title":"Visegr\u00e1di Alap \u2013 22430043 - II. R\u00e1k\u00f3czi Ferenc K\u00f6nyvt\u00e1r","description":"A projekt c\u00edme: Befogad\u00e1s \u2013 Akad\u00e1lymentess\u00e9g \u2013 Szolg\u00e1ltat\u00e1sok: a V4-orsz\u00e1gok k\u00f6nyvt\u00e1rainak tapasztalatcser\u00e9je T\u00e1mogat\u00f3: Visegr\u00e1di Alap Kedvezm\u00e9nyezett: Beszterc"},"footnotes":""},"oldal-template":[34],"class_list":["post-2952","page","type-page","status-publish","hentry","oldal-template-altalanos-oldal"],"acf":[],"meta_box":[],"_links":{"self":[{"href":"https:\/\/www.rfmlib.hu\/de\/wp-json\/wp\/v2\/pages\/2952","targetHints":{"allow":["GET"]}}],"collection":[{"href":"https:\/\/www.rfmlib.hu\/de\/wp-json\/wp\/v2\/pages"}],"about":[{"href":"https:\/\/www.rfmlib.hu\/de\/wp-json\/wp\/v2\/types\/page"}],"author":[{"embeddable":true,"href":"https:\/\/www.rfmlib.hu\/de\/wp-json\/wp\/v2\/users\/3"}],"replies":[{"embeddable":true,"href":"https:\/\/www.rfmlib.hu\/de\/wp-json\/wp\/v2\/comments?post=2952"}],"version-history":[{"count":1,"href":"https:\/\/www.rfmlib.hu\/de\/wp-json\/wp\/v2\/pages\/2952\/revisions"}],"predecessor-version":[{"id":2953,"href":"https:\/\/www.rfmlib.hu\/de\/wp-json\/wp\/v2\/pages\/2952\/revisions\/2953"}],"wp:attachment":[{"href":"https:\/\/www.rfmlib.hu\/de\/wp-json\/wp\/v2\/media?parent=2952"}],"wp:term":[{"taxonomy":"oldal-template","embeddable":true,"href":"https:\/\/www.rfmlib.hu\/de\/wp-json\/wp\/v2\/oldal-template?post=2952"}],"curies":[{"name":"wp","href":"https:\/\/api.w.org\/{rel}","templated":true}]}}