{"id":34,"date":"2025-06-23T08:39:07","date_gmt":"2025-06-23T08:39:07","guid":{"rendered":"https:\/\/www.rfmlib.hu\/?page_id=34"},"modified":"2025-11-24T10:20:59","modified_gmt":"2025-11-24T08:20:59","slug":"rolunk","status":"publish","type":"page","link":"https:\/\/www.rfmlib.hu\/de\/rolunk\/","title":{"rendered":"<p>\u00dcber uns<\/p>"},"content":{"rendered":"","protected":false},"excerpt":{"rendered":"","protected":false},"author":1,"featured_media":0,"parent":0,"menu_order":0,"comment_status":"closed","ping_status":"closed","template":"","meta":{"_acf_changed":false,"slim_seo":{"description":"II. R\u00e1k\u00f3czi Ferenc K\u00f6nyvt\u00e1r bemutatkoz\u00f3 oldala. A k\u00f6nyvt\u00e1rral kapcsolatos inform\u00e1ci\u00f3k, gy\u0171tem\u00e9nyek oldala. Itt mindent megtal\u00e1l amit keres.","facebook_image":"https:\/\/www.rfmlib.hu\/wp-content\/uploads\/2025\/07\/egyszer-volt-hol-nem-volt-a-mesetarisznyaban-1.jpg","twitter_image":"https:\/\/www.rfmlib.hu\/wp-content\/uploads\/2025\/07\/egyszer-volt-hol-nem-volt-a-mesetarisznyaban-1.jpg","title":"R\u00f3lunk - II. R\u00e1k\u00f3czi Ferenc K\u00f6nyvt\u00e1r"},"footnotes":""},"oldal-template":[],"class_list":["post-34","page","type-page","status-publish","hentry"],"acf":[],"meta_box":[],"_links":{"self":[{"href":"https:\/\/www.rfmlib.hu\/de\/wp-json\/wp\/v2\/pages\/34","targetHints":{"allow":["GET"]}}],"collection":[{"href":"https:\/\/www.rfmlib.hu\/de\/wp-json\/wp\/v2\/pages"}],"about":[{"href":"https:\/\/www.rfmlib.hu\/de\/wp-json\/wp\/v2\/types\/page"}],"author":[{"embeddable":true,"href":"https:\/\/www.rfmlib.hu\/de\/wp-json\/wp\/v2\/users\/1"}],"replies":[{"embeddable":true,"href":"https:\/\/www.rfmlib.hu\/de\/wp-json\/wp\/v2\/comments?post=34"}],"version-history":[{"count":0,"href":"https:\/\/www.rfmlib.hu\/de\/wp-json\/wp\/v2\/pages\/34\/revisions"}],"wp:attachment":[{"href":"https:\/\/www.rfmlib.hu\/de\/wp-json\/wp\/v2\/media?parent=34"}],"wp:term":[{"taxonomy":"oldal-template","embeddable":true,"href":"https:\/\/www.rfmlib.hu\/de\/wp-json\/wp\/v2\/oldal-template?post=34"}],"curies":[{"name":"wp","href":"https:\/\/api.w.org\/{rel}","templated":true}]}}