{"id":410,"date":"2025-07-01T12:37:19","date_gmt":"2025-07-01T12:37:19","guid":{"rendered":"https:\/\/www.rfmlib.hu\/?page_id=410"},"modified":"2026-02-16T12:52:25","modified_gmt":"2026-02-16T11:52:25","slug":"szolgaltatasaink","status":"publish","type":"page","link":"https:\/\/www.rfmlib.hu\/de\/szolgaltatasaink\/","title":{"rendered":"<p>Unsere Dienstleistungen<\/p>"},"content":{"rendered":"","protected":false},"excerpt":{"rendered":"","protected":false},"author":1,"featured_media":0,"parent":0,"menu_order":0,"comment_status":"closed","ping_status":"closed","template":"","meta":{"_acf_changed":false,"slim_seo":{"description":"A II. R\u00e1k\u00f3czi Ferenc K\u00f6nyvt\u00e1r szolg\u00e1ltat\u00e1sai. \u00dajdons\u00e1gok, sz\u00e1m\u00edt\u00f3g\u00e9p \u00e9s internethaszn\u00e1lat, iskolai k\u00f6z\u00f6ss\u00e9gi szolg\u00e1lat, feln\u0151ttk\u00e9pz\u00e9s, teremb\u00e9rlet, sz\u00fclet\u00e9snapi \u00fajs\u00e1g, adatb\u00e1zisok, reprogr\u00e1fiai szolg\u00e1ltat\u00e1saink, szolg\u00e1ltat\u00e1sok d\u00edt\u00e9telei, k\u00f6nyvt\u00e1ri szolg\u00e1ltat\u00e1sok.","facebook_image":"https:\/\/www.rfmlib.hu\/wp-content\/uploads\/2025\/07\/egyszer-volt-hol-nem-volt-a-mesetarisznyaban-1.jpg","twitter_image":"https:\/\/www.rfmlib.hu\/wp-content\/uploads\/2025\/07\/egyszer-volt-hol-nem-volt-a-mesetarisznyaban-1.jpg","title":"Szolg\u00e1ltat\u00e1saink - II. R\u00e1k\u00f3czi Ferenc K\u00f6nyvt\u00e1r"},"footnotes":""},"oldal-template":[],"class_list":["post-410","page","type-page","status-publish","hentry"],"acf":[],"meta_box":[],"_links":{"self":[{"href":"https:\/\/www.rfmlib.hu\/de\/wp-json\/wp\/v2\/pages\/410","targetHints":{"allow":["GET"]}}],"collection":[{"href":"https:\/\/www.rfmlib.hu\/de\/wp-json\/wp\/v2\/pages"}],"about":[{"href":"https:\/\/www.rfmlib.hu\/de\/wp-json\/wp\/v2\/types\/page"}],"author":[{"embeddable":true,"href":"https:\/\/www.rfmlib.hu\/de\/wp-json\/wp\/v2\/users\/1"}],"replies":[{"embeddable":true,"href":"https:\/\/www.rfmlib.hu\/de\/wp-json\/wp\/v2\/comments?post=410"}],"version-history":[{"count":1,"href":"https:\/\/www.rfmlib.hu\/de\/wp-json\/wp\/v2\/pages\/410\/revisions"}],"predecessor-version":[{"id":2956,"href":"https:\/\/www.rfmlib.hu\/de\/wp-json\/wp\/v2\/pages\/410\/revisions\/2956"}],"wp:attachment":[{"href":"https:\/\/www.rfmlib.hu\/de\/wp-json\/wp\/v2\/media?parent=410"}],"wp:term":[{"taxonomy":"oldal-template","embeddable":true,"href":"https:\/\/www.rfmlib.hu\/de\/wp-json\/wp\/v2\/oldal-template?post=410"}],"curies":[{"name":"wp","href":"https:\/\/api.w.org\/{rel}","templated":true}]}}