{"id":2952,"date":"2026-02-16T11:59:05","date_gmt":"2026-02-16T10:59:05","guid":{"rendered":"https:\/\/www.rfmlib.hu\/?page_id=2952"},"modified":"2026-02-16T11:59:07","modified_gmt":"2026-02-16T10:59:07","slug":"visegradi-alap-22430043","status":"publish","type":"page","link":"https:\/\/www.rfmlib.hu\/en\/visegradi-alap-22430043\/","title":{"rendered":"<p>The Visegrad Fund? 22430043<\/p>"},"content":{"rendered":"<p><strong>Project title:<\/strong> Inclusion? Accessibility? Services: Exchange of experience between libraries in the V4 countries<p><strong>Sponsored by:<\/strong> the Visegrad Fund<\/p><p><strong>Beneficiary:<\/strong> State Science Library of Bansk\u00e1 Bystrica<\/p><p><strong>Project identification number:<\/strong> 22430043<\/p><p><strong>Grant awarded:<\/strong> EUR 17.000<\/p><p><strong>Futamide:<\/strong> 2025<\/p><p><strong>Summary<\/strong><\/p><p>The project focuses on the exchange of experiences between the V4 in the field of activities organised for different marginalised users and groups of libraries and cultural institutions.<\/p><p>The October 2025 seminar will focus on key topics such as inclusion, accessibility, seniors, visitors with disabilities, special inclusive programmes and education, project management, migrants and other informative topics. In addition to librarians, memory preservation and development educators, sociologists, therapy educators, psychologists, project managers and other experts share their experiences and knowledge.<\/p><p><strong>Press release:<\/strong> <a href=\"https:\/\/www.rfmlib.hu\/sites\/default\/files\/v4_project_7_10_2025_sajtokozlemeny_EN.pdf\" target=\"_blank\" rel=\"noopener\" title=\"\">English<\/a> and <a href=\"https:\/\/www.rfmlib.hu\/sites\/default\/files\/v4_project_7_10_2025_sajtokozlemeny_HU.pdf\" target=\"_blank\" rel=\"noopener\" title=\"\">Hungarian<\/a> language<\/p><\/p>","protected":false},"excerpt":{"rendered":"<p>Project title: Inclusion? Accessibility? Services: Exchange of experience between libraries in V4 countries Sponsor: Visegrad Fund Beneficiary: State Science Library of Bansk\u00e1 Bystrica Identification number of the project: 22430043 Grant awarded: EUR 17.000 [...]<\/p>","protected":false},"author":3,"featured_media":0,"parent":0,"menu_order":0,"comment_status":"closed","ping_status":"closed","template":"","meta":{"_acf_changed":false,"slim_seo":{"title":"Visegr\u00e1di Alap \u2013 22430043 - II. R\u00e1k\u00f3czi Ferenc K\u00f6nyvt\u00e1r","description":"A projekt c\u00edme: Befogad\u00e1s \u2013 Akad\u00e1lymentess\u00e9g \u2013 Szolg\u00e1ltat\u00e1sok: a V4-orsz\u00e1gok k\u00f6nyvt\u00e1rainak tapasztalatcser\u00e9je T\u00e1mogat\u00f3: Visegr\u00e1di Alap Kedvezm\u00e9nyezett: Beszterc"},"footnotes":""},"oldal-template":[34],"class_list":["post-2952","page","type-page","status-publish","hentry","oldal-template-altalanos-oldal"],"acf":[],"meta_box":[],"_links":{"self":[{"href":"https:\/\/www.rfmlib.hu\/en\/wp-json\/wp\/v2\/pages\/2952","targetHints":{"allow":["GET"]}}],"collection":[{"href":"https:\/\/www.rfmlib.hu\/en\/wp-json\/wp\/v2\/pages"}],"about":[{"href":"https:\/\/www.rfmlib.hu\/en\/wp-json\/wp\/v2\/types\/page"}],"author":[{"embeddable":true,"href":"https:\/\/www.rfmlib.hu\/en\/wp-json\/wp\/v2\/users\/3"}],"replies":[{"embeddable":true,"href":"https:\/\/www.rfmlib.hu\/en\/wp-json\/wp\/v2\/comments?post=2952"}],"version-history":[{"count":1,"href":"https:\/\/www.rfmlib.hu\/en\/wp-json\/wp\/v2\/pages\/2952\/revisions"}],"predecessor-version":[{"id":2953,"href":"https:\/\/www.rfmlib.hu\/en\/wp-json\/wp\/v2\/pages\/2952\/revisions\/2953"}],"wp:attachment":[{"href":"https:\/\/www.rfmlib.hu\/en\/wp-json\/wp\/v2\/media?parent=2952"}],"wp:term":[{"taxonomy":"oldal-template","embeddable":true,"href":"https:\/\/www.rfmlib.hu\/en\/wp-json\/wp\/v2\/oldal-template?post=2952"}],"curies":[{"name":"wp","href":"https:\/\/api.w.org\/{rel}","templated":true}]}}