{"id":36,"date":"2025-06-23T08:39:20","date_gmt":"2025-06-23T08:39:20","guid":{"rendered":"https:\/\/www.rfmlib.hu\/?page_id=36"},"modified":"2025-09-04T10:51:25","modified_gmt":"2025-09-04T08:51:25","slug":"programok","status":"publish","type":"page","link":"https:\/\/www.rfmlib.hu\/en\/programok\/","title":{"rendered":"<p>Programmes<\/p>"},"content":{"rendered":"","protected":false},"excerpt":{"rendered":"","protected":false},"author":1,"featured_media":0,"parent":0,"menu_order":0,"comment_status":"closed","ping_status":"closed","template":"","meta":{"_acf_changed":false,"slim_seo":{"description":"A II. R\u00e1k\u00f3czi Ferenc K\u00f6nyvt\u00e1r esem\u00e9nyei, programjai. Inform\u00e1ci\u00f3 rendezv\u00e9nyekr\u0151l \u00e9s fontos megmozdul\u00e1sokr\u00f3l egy helyen.","title":"Programok - II. R\u00e1k\u00f3czi Ferenc K\u00f6nyvt\u00e1r"},"footnotes":""},"oldal-template":[],"class_list":["post-36","page","type-page","status-publish","hentry"],"acf":[],"meta_box":[],"_links":{"self":[{"href":"https:\/\/www.rfmlib.hu\/en\/wp-json\/wp\/v2\/pages\/36","targetHints":{"allow":["GET"]}}],"collection":[{"href":"https:\/\/www.rfmlib.hu\/en\/wp-json\/wp\/v2\/pages"}],"about":[{"href":"https:\/\/www.rfmlib.hu\/en\/wp-json\/wp\/v2\/types\/page"}],"author":[{"embeddable":true,"href":"https:\/\/www.rfmlib.hu\/en\/wp-json\/wp\/v2\/users\/1"}],"replies":[{"embeddable":true,"href":"https:\/\/www.rfmlib.hu\/en\/wp-json\/wp\/v2\/comments?post=36"}],"version-history":[{"count":0,"href":"https:\/\/www.rfmlib.hu\/en\/wp-json\/wp\/v2\/pages\/36\/revisions"}],"wp:attachment":[{"href":"https:\/\/www.rfmlib.hu\/en\/wp-json\/wp\/v2\/media?parent=36"}],"wp:term":[{"taxonomy":"oldal-template","embeddable":true,"href":"https:\/\/www.rfmlib.hu\/en\/wp-json\/wp\/v2\/oldal-template?post=36"}],"curies":[{"name":"wp","href":"https:\/\/api.w.org\/{rel}","templated":true}]}}