{"id":614,"date":"2025-07-21T04:17:24","date_gmt":"2025-07-21T04:17:24","guid":{"rendered":"https:\/\/www.rfmlib.hu\/?page_id=614"},"modified":"2025-08-15T07:32:21","modified_gmt":"2025-08-15T07:32:21","slug":"hirlevel","status":"publish","type":"page","link":"https:\/\/www.rfmlib.hu\/en\/hirlevel\/","title":{"rendered":"<p>Newsletter<\/p>"},"content":{"rendered":"<p>#1 no. Form is not active #1 no. Form is not active\n<\/p>","protected":false},"excerpt":{"rendered":"","protected":false},"author":1,"featured_media":0,"parent":0,"menu_order":0,"comment_status":"closed","ping_status":"closed","template":"","meta":{"_acf_changed":false,"slim_seo":{"description":"Feliratkoz\u00e1s a II. R\u00e1k\u00f3czi Ferenc K\u00f6nyvt\u00e1r h\u00edrlevel\u00e9re. H\u00edrek, \u00fajdons\u00e1gok egyenesen a postal\u00e1d\u00e1j\u00e1ba.","title":"H\u00edrlev\u00e9l - II. R\u00e1k\u00f3czi Ferenc K\u00f6nyvt\u00e1r"},"footnotes":""},"oldal-template":[],"class_list":["post-614","page","type-page","status-publish","hentry"],"acf":[],"meta_box":[],"_links":{"self":[{"href":"https:\/\/www.rfmlib.hu\/en\/wp-json\/wp\/v2\/pages\/614","targetHints":{"allow":["GET"]}}],"collection":[{"href":"https:\/\/www.rfmlib.hu\/en\/wp-json\/wp\/v2\/pages"}],"about":[{"href":"https:\/\/www.rfmlib.hu\/en\/wp-json\/wp\/v2\/types\/page"}],"author":[{"embeddable":true,"href":"https:\/\/www.rfmlib.hu\/en\/wp-json\/wp\/v2\/users\/1"}],"replies":[{"embeddable":true,"href":"https:\/\/www.rfmlib.hu\/en\/wp-json\/wp\/v2\/comments?post=614"}],"version-history":[{"count":0,"href":"https:\/\/www.rfmlib.hu\/en\/wp-json\/wp\/v2\/pages\/614\/revisions"}],"wp:attachment":[{"href":"https:\/\/www.rfmlib.hu\/en\/wp-json\/wp\/v2\/media?parent=614"}],"wp:term":[{"taxonomy":"oldal-template","embeddable":true,"href":"https:\/\/www.rfmlib.hu\/en\/wp-json\/wp\/v2\/oldal-template?post=614"}],"curies":[{"name":"wp","href":"https:\/\/api.w.org\/{rel}","templated":true}]}}